{"id":10,"date":"2023-04-13T14:10:13","date_gmt":"2023-04-13T14:10:13","guid":{"rendered":"https:\/\/www.taxinarcea.com\/?page_id=10"},"modified":"2025-06-11T14:52:50","modified_gmt":"2025-06-11T14:52:50","slug":"taxinarcea","status":"publish","type":"page","link":"https:\/\/www.taxinarcea.com\/","title":{"rendered":"Taxi Narcea"},"content":{"rendered":"\n[et_pb_section fb_built=\u00bb1&#8243; custom_padding_last_edited=\u00bbon|tablet\u00bb admin_label=\u00bbHeader\u00bb _builder_version=\u00bb4.20.4&#8243; _module_preset=\u00bbdefault\u00bb background_enable_color=\u00bboff\u00bb background_image=\u00bbhttps:\/\/www.taxinarcea.com\/wp-content\/uploads\/2023\/04\/cangas-de-narcea.jpg\u00bb height=\u00bb550px\u00bb custom_margin=\u00bb-5px||0px||false|false\u00bb custom_margin_tablet=\u00bb-5px||0px||false|false\u00bb custom_margin_phone=\u00bb-5px||0px||false|false\u00bb custom_margin_last_edited=\u00bbon|tablet\u00bb custom_padding=\u00bb7vw||||false|false\u00bb custom_padding_tablet=\u00bb0vw||0vw||true|false\u00bb custom_padding_phone=\u00bb0vw||0vw||true|false\u00bb bottom_divider_style=\u00bbmountains\u00bb bottom_divider_color=\u00bb#FFFFFF\u00bb bottom_divider_height=\u00bb5vw\u00bb bottom_divider_repeat=\u00bb1.5x\u00bb bottom_divider_flip=\u00bbhorizontal|vertical\u00bb locked=\u00bboff\u00bb global_colors_info=\u00bb{}\u00bb][\/et_pb_section][et_pb_section fb_built=\u00bb1&#8243; admin_label=\u00bbPricing\u00bb _builder_version=\u00bb4.20.4&#8243; _module_preset=\u00bbdefault\u00bb custom_padding=\u00bb0px||0px||true|false\u00bb global_colors_info=\u00bb{}\u00bb][et_pb_row _builder_version=\u00bb4.20.4&#8243; _module_preset=\u00bbdefault\u00bb global_colors_info=\u00bb{}\u00bb][et_pb_column type=\u00bb4_4&#8243; _builder_version=\u00bb4.20.4&#8243; _module_preset=\u00bbdefault\u00bb global_colors_info=\u00bb{}\u00bb][et_pb_text _builder_version=\u00bb4.20.4&#8243; _module_preset=\u00bbdefault\u00bb text_font=\u00bbAleo|700|||||||\u00bb text_text_color=\u00bb#000000&#8243; header_text_color=\u00bb#000000&#8243; global_colors_info=\u00bb{}\u00bb]<h1 style=\"text-align: center;\">Nuestros Taxis<\/h1>[\/et_pb_text][et_pb_divider color=\u00bb#5b5b5b\u00bb _builder_version=\u00bb4.20.4&#8243; _module_preset=\u00bbdefault\u00bb width=\u00bb14%\u00bb module_alignment=\u00bbcenter\u00bb custom_margin=\u00bb-25px||||false|false\u00bb global_colors_info=\u00bb{}\u00bb][\/et_pb_divider][\/et_pb_column][\/et_pb_row][et_pb_row _builder_version=\u00bb4.20.4&#8243; _module_preset=\u00bbdefault\u00bb global_colors_info=\u00bb{}\u00bb][et_pb_column type=\u00bb4_4&#8243; _builder_version=\u00bb4.20.4&#8243; _module_preset=\u00bbdefault\u00bb global_colors_info=\u00bb{}\u00bb][et_pb_text _builder_version=\u00bb4.20.4&#8243; _module_preset=\u00bbdefault\u00bb global_colors_info=\u00bb{}\u00bb]<h2>En <strong data-start=\"751\" data-end=\"777\">Taxi Narcea<\/strong>, ofrecemos un servicio de <strong data-start=\"804\" data-end=\"833\">taxi en Cangas del Narcea<\/strong> r\u00e1pido, seguro y totalmente adaptado a tus necesidades. Estamos disponibles <strong data-start=\"910\" data-end=\"948\">las 24 horas, los 365 d\u00edas del a\u00f1o<\/strong>, para llevarte donde necesites.<\/h2>[\/et_pb_text][et_pb_text _builder_version=\u00bb4.20.4&#8243; _module_preset=\u00bbdefault\u00bb global_colors_info=\u00bb{}\u00bb]<h3 data-start=\"1821\" data-end=\"1879\"><strong data-start=\"1829\" data-end=\"1879\">\u00bfNecesitas un taxi en Cangas del Narcea ahora?<\/strong><\/h3>\n<p data-start=\"1881\" data-end=\"2077\">Ll\u00e1manos al <strong data-start=\"1893\" data-end=\"1917\">985 81 33 33<\/strong> y reserva tu viaje f\u00e1cilmente. Estamos listos para recogerte en cualquier punto de <strong data-start=\"2001\" data-end=\"2022\">Cangas del Narcea<\/strong>, <strong data-start=\"2024\" data-end=\"2055\">el suroccidente de Asturias<\/strong> o donde lo necesites.<\/p>[\/et_pb_text][\/et_pb_column][\/et_pb_row][et_pb_row _builder_version=\u00bb4.20.4&#8243; _module_preset=\u00bbdefault\u00bb global_colors_info=\u00bb{}\u00bb][et_pb_column type=\u00bb4_4&#8243; _builder_version=\u00bb4.20.4&#8243; _module_preset=\u00bbdefault\u00bb global_colors_info=\u00bb{}\u00bb][et_pb_gallery gallery_ids=\u00bb67,68,69,70,71,72,73,74,64,65,66,63,62&#8243; gallery_orderby=\u00bbrand\u00bb posts_number=\u00bb8&#8243; show_title_and_caption=\u00bboff\u00bb _builder_version=\u00bb4.20.4&#8243; _module_preset=\u00bbdefault\u00bb caption_font=\u00bb||||||||\u00bb pagination_font=\u00bbAleo||||||||\u00bb pagination_text_color=\u00bb#000000&#8243; animation_style=\u00bbzoom\u00bb animation_speed_curve=\u00bbease-in\u00bb hover_enabled=\u00bb0&#8243; border_radii_image=\u00bbon|5px|5px|5px|5px\u00bb border_width_all_image=\u00bb1px\u00bb border_color_all_image=\u00bb#000000&#8243; global_colors_info=\u00bb{}\u00bb zoom_icon_color=\u00bbRGBA(255,255,255,0)\u00bb hover_overlay_color=\u00bbRGBA(255,255,255,0)\u00bb sticky_enabled=\u00bb0&#8243;][\/et_pb_gallery][\/et_pb_column][\/et_pb_row][\/et_pb_section]\n","protected":false},"excerpt":{"rendered":"<p>Nuestros TaxisEn Taxi Narcea, ofrecemos un servicio de taxi en Cangas del Narcea r\u00e1pido, seguro y totalmente adaptado a tus necesidades. Estamos disponibles las 24 horas, los 365 d\u00edas del a\u00f1o, para llevarte donde necesites.\u00bfNecesitas un taxi en Cangas del Narcea ahora? Ll\u00e1manos al 985 81 33 33 y reserva tu viaje f\u00e1cilmente. Estamos listos [&hellip;]<\/p>\n","protected":false},"author":2,"featured_media":0,"parent":0,"menu_order":0,"comment_status":"closed","ping_status":"closed","template":"","meta":{"_et_pb_use_builder":"on","_et_pb_old_content":"","_et_gb_content_width":"","footnotes":""},"yoast_head":"<!-- This site is optimized with the Yoast SEO plugin v21.4 - https:\/\/yoast.com\/wordpress\/plugins\/seo\/ -->\n<title>Taxi Narcea - Taxi 24 horas en Narcea<\/title>\n<meta name=\"description\" content=\"En Taxi Narcea ofrecemos un servicio de taxi 24 horas por toda Asutrias y Narcea, reserva tu taxi llamando al 985 81 33 33\" \/>\n<meta name=\"robots\" content=\"noindex, follow, max-snippet:-1, max-image-preview:large, max-video-preview:-1\" \/>\n<meta property=\"og:locale\" content=\"es_ES\" \/>\n<meta property=\"og:type\" content=\"article\" \/>\n<meta property=\"og:title\" content=\"Taxi Narcea - Taxi 24 horas en Narcea\" \/>\n<meta property=\"og:description\" content=\"En Taxi Narcea ofrecemos un servicio de taxi 24 horas por toda Asutrias y Narcea, reserva tu taxi llamando al 985 81 33 33\" \/>\n<meta property=\"og:url\" content=\"https:\/\/www.taxinarcea.com\/\" \/>\n<meta property=\"og:site_name\" content=\"Taxi Narcea\" \/>\n<meta property=\"article:modified_time\" content=\"2025-06-11T14:52:50+00:00\" \/>\n<meta name=\"twitter:card\" content=\"summary_large_image\" \/>\n<meta name=\"twitter:label1\" content=\"Tiempo de lectura\" \/>\n\t<meta name=\"twitter:data1\" content=\"1 minuto\" \/>\n<script type=\"application\/ld+json\" class=\"yoast-schema-graph\">{\"@context\":\"https:\/\/schema.org\",\"@graph\":[{\"@type\":\"WebPage\",\"@id\":\"https:\/\/www.taxinarcea.com\/\",\"url\":\"https:\/\/www.taxinarcea.com\/\",\"name\":\"Taxi Narcea - Taxi 24 horas en Narcea\",\"isPartOf\":{\"@id\":\"https:\/\/www.taxinarcea.com\/#website\"},\"datePublished\":\"2023-04-13T14:10:13+00:00\",\"dateModified\":\"2025-06-11T14:52:50+00:00\",\"description\":\"En Taxi Narcea ofrecemos un servicio de taxi 24 horas por toda Asutrias y Narcea, reserva tu taxi llamando al 985 81 33 33\",\"breadcrumb\":{\"@id\":\"https:\/\/www.taxinarcea.com\/#breadcrumb\"},\"inLanguage\":\"es\",\"potentialAction\":[{\"@type\":\"ReadAction\",\"target\":[\"https:\/\/www.taxinarcea.com\/\"]}]},{\"@type\":\"BreadcrumbList\",\"@id\":\"https:\/\/www.taxinarcea.com\/#breadcrumb\",\"itemListElement\":[{\"@type\":\"ListItem\",\"position\":1,\"name\":\"Home\",\"item\":\"https:\/\/www.taxinarcea.com\/\"},{\"@type\":\"ListItem\",\"position\":2,\"name\":\"Taxi Narcea\"}]},{\"@type\":\"WebSite\",\"@id\":\"https:\/\/www.taxinarcea.com\/#website\",\"url\":\"https:\/\/www.taxinarcea.com\/\",\"name\":\"Taxi Narcea\",\"description\":\"\",\"potentialAction\":[{\"@type\":\"SearchAction\",\"target\":{\"@type\":\"EntryPoint\",\"urlTemplate\":\"https:\/\/www.taxinarcea.com\/?s={search_term_string}\"},\"query-input\":\"required name=search_term_string\"}],\"inLanguage\":\"es\"}]}<\/script>\n<!-- \/ Yoast SEO plugin. -->","yoast_head_json":{"title":"Taxi Narcea - Taxi 24 horas en Narcea","description":"En Taxi Narcea ofrecemos un servicio de taxi 24 horas por toda Asutrias y Narcea, reserva tu taxi llamando al 985 81 33 33","robots":{"index":"noindex","follow":"follow","max-snippet":"max-snippet:-1","max-image-preview":"max-image-preview:large","max-video-preview":"max-video-preview:-1"},"og_locale":"es_ES","og_type":"article","og_title":"Taxi Narcea - Taxi 24 horas en Narcea","og_description":"En Taxi Narcea ofrecemos un servicio de taxi 24 horas por toda Asutrias y Narcea, reserva tu taxi llamando al 985 81 33 33","og_url":"https:\/\/www.taxinarcea.com\/","og_site_name":"Taxi Narcea","article_modified_time":"2025-06-11T14:52:50+00:00","twitter_card":"summary_large_image","twitter_misc":{"Tiempo de lectura":"1 minuto"},"schema":{"@context":"https:\/\/schema.org","@graph":[{"@type":"WebPage","@id":"https:\/\/www.taxinarcea.com\/","url":"https:\/\/www.taxinarcea.com\/","name":"Taxi Narcea - Taxi 24 horas en Narcea","isPartOf":{"@id":"https:\/\/www.taxinarcea.com\/#website"},"datePublished":"2023-04-13T14:10:13+00:00","dateModified":"2025-06-11T14:52:50+00:00","description":"En Taxi Narcea ofrecemos un servicio de taxi 24 horas por toda Asutrias y Narcea, reserva tu taxi llamando al 985 81 33 33","breadcrumb":{"@id":"https:\/\/www.taxinarcea.com\/#breadcrumb"},"inLanguage":"es","potentialAction":[{"@type":"ReadAction","target":["https:\/\/www.taxinarcea.com\/"]}]},{"@type":"BreadcrumbList","@id":"https:\/\/www.taxinarcea.com\/#breadcrumb","itemListElement":[{"@type":"ListItem","position":1,"name":"Home","item":"https:\/\/www.taxinarcea.com\/"},{"@type":"ListItem","position":2,"name":"Taxi Narcea"}]},{"@type":"WebSite","@id":"https:\/\/www.taxinarcea.com\/#website","url":"https:\/\/www.taxinarcea.com\/","name":"Taxi Narcea","description":"","potentialAction":[{"@type":"SearchAction","target":{"@type":"EntryPoint","urlTemplate":"https:\/\/www.taxinarcea.com\/?s={search_term_string}"},"query-input":"required name=search_term_string"}],"inLanguage":"es"}]}},"_links":{"self":[{"href":"https:\/\/www.taxinarcea.com\/index.php\/wp-json\/wp\/v2\/pages\/10"}],"collection":[{"href":"https:\/\/www.taxinarcea.com\/index.php\/wp-json\/wp\/v2\/pages"}],"about":[{"href":"https:\/\/www.taxinarcea.com\/index.php\/wp-json\/wp\/v2\/types\/page"}],"author":[{"embeddable":true,"href":"https:\/\/www.taxinarcea.com\/index.php\/wp-json\/wp\/v2\/users\/2"}],"replies":[{"embeddable":true,"href":"https:\/\/www.taxinarcea.com\/index.php\/wp-json\/wp\/v2\/comments?post=10"}],"version-history":[{"count":16,"href":"https:\/\/www.taxinarcea.com\/index.php\/wp-json\/wp\/v2\/pages\/10\/revisions"}],"predecessor-version":[{"id":150,"href":"https:\/\/www.taxinarcea.com\/index.php\/wp-json\/wp\/v2\/pages\/10\/revisions\/150"}],"wp:attachment":[{"href":"https:\/\/www.taxinarcea.com\/index.php\/wp-json\/wp\/v2\/media?parent=10"}],"curies":[{"name":"wp","href":"https:\/\/api.w.org\/{rel}","templated":true}]}}